{"id":2729,"date":"2015-04-01T04:10:40","date_gmt":"2015-04-01T04:10:40","guid":{"rendered":"http:\/\/www.damienanres.com\/blog\/?page_id=2729"},"modified":"2022-11-06T04:53:48","modified_gmt":"2022-11-06T04:53:48","slug":"autre-site-internet-personnel","status":"publish","type":"page","link":"https:\/\/www.damienanres.com\/blog\/a-propos-de-ce-blog\/autre-site-internet-personnel\/","title":{"rendered":"Autre site internet personnel&#8230;"},"content":{"rendered":"<p><img decoding=\"async\" src=\"https:\/\/www.damienanres.com\/blog\/wp-content\/uploads\/2016\/01\/img_1294.jpeg\" alt=\"\" \/><\/p>\n<blockquote>\n<ul>\n<li>Hey ! David ! T&#8217;es o\u00f9 ?<\/li>\n<\/ul>\n<\/blockquote>\n<p>J&#8217;ai tenu de 1998 \u00e0 2005-6 un autre site &#8220;personnel&#8221; sur le r\u00e9alisateur am\u00e9ricain <strong>David Lynch<\/strong>.<br \/>\nIl y a encore juste quelques &#8220;trucs&#8221; que les &#8220;Lynchians&#8221; appr\u00e9cieront comme les archives, alias <strong>&#8216;MEMBER LOUNGE&#8217;<\/strong>, de l&#8217;ancien site officiel de ce r\u00e9alisateur. Il y a l\u00e0-bas ce que l&#8217;on appelle les &#8220;Logs&#8221; de discussions entre internautes, et autres&#8230; Le\u00a0site officiel de David Lynch \u00e9tait \u00e0 l&#8217;\u00e9poque le premier site 2.0 dans l&#8217;air d&#8217;Internet (\u00e9changes directs &#8211; discussions &#8211; avec quelqu&#8217;un de connu, dans ce cas ci\u00a0le milieu du cin\u00e9ma ind\u00e9pendant) &#8230;<\/p>\n<p>Bonne visite sur cet autre site dont certaines parties sont en &#8220;Flash&#8221;, n\u00e9cessitant donc le lecteur\u00a0&#8220;Flash Player&#8221; que certains t\u00e9l\u00e9phones ont abandonn\u00e9 il y a de cela quelques temps&#8230;<\/p>\n<p><strong>BONZAIIIII!!<\/strong><\/p>\n<p><a title=\"LE JARDIN DU KAFARD\" href=\"http:\/\/www.kafard.com\" target=\"_blank\" rel=\"noopener noreferrer\">http:\/\/www.kafard.com<\/a>\u00a0(site web &#8211; 01 janvier 2016 mise en vente \/ ferm\u00e9)<\/p>\n<p><b>Nouveau lien<\/b> : <a href=\"https:\/\/davidlynch.damienanres.com\" target=\"_blank\" rel=\"noopener\">http:\/\/david lynch.damienanres.com<\/a><\/p>\n<p><strong>Oh!<\/strong>\u00a0J&#8217;ai failli oubli\u00e9..! Nous sommes encore\u00a0sur Facebook en ce qui concerne David Lynch !<br \/>\n<strong>ICI\u00a0<\/strong>\u00a0:\u00a0<a title=\"David Lynch \/ News\" href=\"https:\/\/www.facebook.com\/davidlynchnews\" target=\"_blank\" rel=\"noopener noreferrer\">https:\/\/www.facebook.com\/davidlynchnews<\/a><\/p>\n","protected":false},"excerpt":{"rendered":"<p>Hey ! David ! T&#8217;es o\u00f9 ? J&#8217;ai tenu de 1998 \u00e0 2005-6 un autre site &#8220;personnel&#8221; sur le r\u00e9alisateur am\u00e9ricain David Lynch. Il y a encore juste quelques &#8220;trucs&#8221; que les &#8220;Lynchians&#8221; appr\u00e9cieront comme les archives, alias &#8216;MEMBER LOUNGE&#8217;, de l&#8217;ancien site officiel de ce r\u00e9alisateur. Il y a l\u00e0-bas ce que l&#8217;on appelle [&hellip;]<\/p>\n","protected":false},"author":1,"featured_media":2965,"parent":482,"menu_order":0,"comment_status":"open","ping_status":"open","template":"","meta":[],"_links":{"self":[{"href":"https:\/\/www.damienanres.com\/blog\/wp-json\/wp\/v2\/pages\/2729"}],"collection":[{"href":"https:\/\/www.damienanres.com\/blog\/wp-json\/wp\/v2\/pages"}],"about":[{"href":"https:\/\/www.damienanres.com\/blog\/wp-json\/wp\/v2\/types\/page"}],"author":[{"embeddable":true,"href":"https:\/\/www.damienanres.com\/blog\/wp-json\/wp\/v2\/users\/1"}],"replies":[{"embeddable":true,"href":"https:\/\/www.damienanres.com\/blog\/wp-json\/wp\/v2\/comments?post=2729"}],"version-history":[{"count":12,"href":"https:\/\/www.damienanres.com\/blog\/wp-json\/wp\/v2\/pages\/2729\/revisions"}],"predecessor-version":[{"id":3970,"href":"https:\/\/www.damienanres.com\/blog\/wp-json\/wp\/v2\/pages\/2729\/revisions\/3970"}],"up":[{"embeddable":true,"href":"https:\/\/www.damienanres.com\/blog\/wp-json\/wp\/v2\/pages\/482"}],"wp:featuredmedia":[{"embeddable":true,"href":"https:\/\/www.damienanres.com\/blog\/wp-json\/wp\/v2\/media\/2965"}],"wp:attachment":[{"href":"https:\/\/www.damienanres.com\/blog\/wp-json\/wp\/v2\/media?parent=2729"}],"curies":[{"name":"wp","href":"https:\/\/api.w.org\/{rel}","templated":true}]}}