{"id":482,"date":"2012-12-19T04:25:44","date_gmt":"2012-12-19T04:25:44","guid":{"rendered":"http:\/\/www.damienanres.com\/blog\/?page_id=482"},"modified":"2012-12-19T04:25:44","modified_gmt":"2012-12-19T04:25:44","slug":"a-propos-de-ce-blog","status":"publish","type":"page","link":"https:\/\/www.damienanres.com\/blog\/a-propos-de-ce-blog\/","title":{"rendered":"\u00c0 propos de ce blog"},"content":{"rendered":"<p>Ce blog ne repr\u00e9sente que des pens\u00e9es furtives \u00e9crites sur divers th\u00e8mes, comme la musique, le cin\u00e9ma, la litt\u00e9rature et d&#8217;autres choses ci et l\u00e0. Il est a prendre comme une sorte de carnet de notes qui ne doivent pas \u00eatre v\u00e9ritablement pris au s\u00e9rieux, ou alors au 1er degr\u00e9&#8230;<\/p>\n<p>Merci,<\/p>\n<p>Damien ANR\u00c8S<\/p>\n","protected":false},"excerpt":{"rendered":"<p>Ce blog ne repr\u00e9sente que des pens\u00e9es furtives \u00e9crites sur divers th\u00e8mes, comme la musique, le cin\u00e9ma, la litt\u00e9rature et d&#8217;autres choses ci et l\u00e0. Il est a prendre comme une sorte de carnet de notes qui ne doivent pas \u00eatre v\u00e9ritablement pris au s\u00e9rieux, ou alors au 1er degr\u00e9&#8230; Merci, Damien ANR\u00c8S<\/p>\n","protected":false},"author":1,"featured_media":0,"parent":0,"menu_order":0,"comment_status":"closed","ping_status":"closed","template":"","meta":[],"_links":{"self":[{"href":"https:\/\/www.damienanres.com\/blog\/wp-json\/wp\/v2\/pages\/482"}],"collection":[{"href":"https:\/\/www.damienanres.com\/blog\/wp-json\/wp\/v2\/pages"}],"about":[{"href":"https:\/\/www.damienanres.com\/blog\/wp-json\/wp\/v2\/types\/page"}],"author":[{"embeddable":true,"href":"https:\/\/www.damienanres.com\/blog\/wp-json\/wp\/v2\/users\/1"}],"replies":[{"embeddable":true,"href":"https:\/\/www.damienanres.com\/blog\/wp-json\/wp\/v2\/comments?post=482"}],"version-history":[{"count":0,"href":"https:\/\/www.damienanres.com\/blog\/wp-json\/wp\/v2\/pages\/482\/revisions"}],"wp:attachment":[{"href":"https:\/\/www.damienanres.com\/blog\/wp-json\/wp\/v2\/media?parent=482"}],"curies":[{"name":"wp","href":"https:\/\/api.w.org\/{rel}","templated":true}]}}