{"id":1033,"date":"2017-01-02T17:06:22","date_gmt":"2017-01-02T17:06:22","guid":{"rendered":"http:\/\/www.damienanres.com\/damanres\/?page_id=1033"},"modified":"2021-09-10T02:46:49","modified_gmt":"2021-09-10T02:46:49","slug":"emilie-simon","status":"publish","type":"page","link":"https:\/\/www.damienanres.com\/damanres\/emilie-simon\/","title":{"rendered":"\u00c9MILIE SIMON&#8230;"},"content":{"rendered":"\n<p class=\"has-very-light-gray-background-color has-background\">Photographies et video (voir \u00e0 la fin de cette page pour la vid\u00e9o) prises lors du concert au Cirque Royal de Bruxelles pour Les nuits de la botanique 2014.<\/p>\n\n\n\n<p>Je me pose toujours une question \u00e0 ce jour &#8230; \u00e0 savoir si \u00c9milie Simon a bien re\u00e7u la peinture que j\u2019ai faite \u00e0 partir de son dessin&#8230; \ud83d\ude42<br>\nNon je ne suis pas fan d\u2019\u00c9milie Simon..! J\u2019aime sa musique !<br>\nEt, si vous avez un peu de go\u00fbt question musiques vous aussi vous devriez aimer ses albums \ud83d\ude1b<br>\nCommencez par son album \u00e9ponyme..! Il est \u00e0 tomber par terre.<\/p>\n\n\n\n<p>Mon petit billet d\u2019humeur, assez \u00e9trange il en va sans dire, que j\u2019ai pu \u00e9crire lors de la sortie du single \u2018MENTEUR\u2019 de son dernier album \u00ab Mue \u00bb (2014) &#8212; > \u00a0<a rel=\"noopener noreferrer\" href=\"http:\/\/www.damienanres.com\/blog\/index.php\/2014\/01\/20\/emilie-simon-est-une-menteuse-mais-je-reprends-mes-mots\/\" target=\"_blank\"><strong><span style=\"color:#a3002c\" class=\"has-inline-color\">ON CLIQUE ICI<\/span><\/strong><\/a><\/p>\n\n\n\n<blockquote class=\"wp-block-quote has-text-align-center is-layout-flow wp-block-quote-is-layout-flow\"><p>>\u00a0<a rel=\"noopener noreferrer\" href=\"http:\/\/www.emiliesimon.com\" target=\"_blank\"><span style=\"color:#a30031\" class=\"has-inline-color\">SITE OFFICIEL D\u2019\u00c9MILIE SIMON<\/span><\/a> &lt;<\/p><\/blockquote>\n\n\n\n<div class=\"wp-block-image\"><figure class=\"aligncenter\"><img loading=\"lazy\" decoding=\"async\" width=\"800\" height=\"600\" src=\"https:\/\/www.damienanres.com\/damanres\/wp-content\/uploads\/2017\/01\/DSCN1879.jpg\" alt=\"\" class=\"wp-image-1034\" srcset=\"https:\/\/www.damienanres.com\/damanres\/wp-content\/uploads\/2017\/01\/DSCN1879.jpg 800w, https:\/\/www.damienanres.com\/damanres\/wp-content\/uploads\/2017\/01\/DSCN1879-300x225.jpg 300w, https:\/\/www.damienanres.com\/damanres\/wp-content\/uploads\/2017\/01\/DSCN1879-768x576.jpg 768w\" sizes=\"auto, (max-width: 800px) 100vw, 800px\" \/><\/figure><\/div>\n\n\n\n<div class=\"wp-block-image\"><figure class=\"aligncenter\"><img loading=\"lazy\" decoding=\"async\" width=\"800\" height=\"600\" src=\"https:\/\/www.damienanres.com\/damanres\/wp-content\/uploads\/2017\/01\/DSCN1877.jpg\" alt=\"\" class=\"wp-image-1035\" srcset=\"https:\/\/www.damienanres.com\/damanres\/wp-content\/uploads\/2017\/01\/DSCN1877.jpg 800w, https:\/\/www.damienanres.com\/damanres\/wp-content\/uploads\/2017\/01\/DSCN1877-300x225.jpg 300w, https:\/\/www.damienanres.com\/damanres\/wp-content\/uploads\/2017\/01\/DSCN1877-768x576.jpg 768w\" sizes=\"auto, (max-width: 800px) 100vw, 800px\" \/><\/figure><\/div>\n\n\n\n<div class=\"wp-block-image\"><figure class=\"aligncenter\"><img loading=\"lazy\" decoding=\"async\" width=\"800\" height=\"600\" src=\"https:\/\/www.damienanres.com\/damanres\/wp-content\/uploads\/2017\/01\/DSCN1874.jpg\" alt=\"\" class=\"wp-image-1036\" srcset=\"https:\/\/www.damienanres.com\/damanres\/wp-content\/uploads\/2017\/01\/DSCN1874.jpg 800w, https:\/\/www.damienanres.com\/damanres\/wp-content\/uploads\/2017\/01\/DSCN1874-300x225.jpg 300w, https:\/\/www.damienanres.com\/damanres\/wp-content\/uploads\/2017\/01\/DSCN1874-768x576.jpg 768w\" sizes=\"auto, (max-width: 800px) 100vw, 800px\" \/><\/figure><\/div>\n\n\n\n<div class=\"wp-block-image\"><figure class=\"aligncenter\"><img loading=\"lazy\" decoding=\"async\" width=\"800\" height=\"600\" src=\"https:\/\/www.damienanres.com\/damanres\/wp-content\/uploads\/2017\/01\/DSCN1869.jpg\" alt=\"\" class=\"wp-image-1037\" srcset=\"https:\/\/www.damienanres.com\/damanres\/wp-content\/uploads\/2017\/01\/DSCN1869.jpg 800w, https:\/\/www.damienanres.com\/damanres\/wp-content\/uploads\/2017\/01\/DSCN1869-300x225.jpg 300w, https:\/\/www.damienanres.com\/damanres\/wp-content\/uploads\/2017\/01\/DSCN1869-768x576.jpg 768w\" sizes=\"auto, (max-width: 800px) 100vw, 800px\" \/><\/figure><\/div>\n\n\n\n<div class=\"wp-block-image\"><figure class=\"aligncenter\"><img loading=\"lazy\" decoding=\"async\" width=\"800\" height=\"600\" src=\"https:\/\/www.damienanres.com\/damanres\/wp-content\/uploads\/2017\/01\/DSCN1862.jpg\" alt=\"\" class=\"wp-image-1038\" srcset=\"https:\/\/www.damienanres.com\/damanres\/wp-content\/uploads\/2017\/01\/DSCN1862.jpg 800w, https:\/\/www.damienanres.com\/damanres\/wp-content\/uploads\/2017\/01\/DSCN1862-300x225.jpg 300w, https:\/\/www.damienanres.com\/damanres\/wp-content\/uploads\/2017\/01\/DSCN1862-768x576.jpg 768w\" sizes=\"auto, (max-width: 800px) 100vw, 800px\" \/><\/figure><\/div>\n\n\n\n<div class=\"wp-block-image\"><figure class=\"aligncenter\"><img loading=\"lazy\" decoding=\"async\" width=\"800\" height=\"600\" src=\"https:\/\/www.damienanres.com\/damanres\/wp-content\/uploads\/2017\/01\/DSCN1843.jpg\" alt=\"\" class=\"wp-image-1039\" srcset=\"https:\/\/www.damienanres.com\/damanres\/wp-content\/uploads\/2017\/01\/DSCN1843.jpg 800w, https:\/\/www.damienanres.com\/damanres\/wp-content\/uploads\/2017\/01\/DSCN1843-300x225.jpg 300w, https:\/\/www.damienanres.com\/damanres\/wp-content\/uploads\/2017\/01\/DSCN1843-768x576.jpg 768w\" sizes=\"auto, (max-width: 800px) 100vw, 800px\" \/><\/figure><\/div>\n\n\n\n<div class=\"wp-block-image\"><figure class=\"aligncenter\"><img loading=\"lazy\" decoding=\"async\" width=\"800\" height=\"600\" src=\"https:\/\/www.damienanres.com\/damanres\/wp-content\/uploads\/2017\/01\/DSCN1841.jpg\" alt=\"\" class=\"wp-image-1040\" srcset=\"https:\/\/www.damienanres.com\/damanres\/wp-content\/uploads\/2017\/01\/DSCN1841.jpg 800w, https:\/\/www.damienanres.com\/damanres\/wp-content\/uploads\/2017\/01\/DSCN1841-300x225.jpg 300w, https:\/\/www.damienanres.com\/damanres\/wp-content\/uploads\/2017\/01\/DSCN1841-768x576.jpg 768w\" sizes=\"auto, (max-width: 800px) 100vw, 800px\" \/><\/figure><\/div>\n\n\n\n<div class=\"wp-block-image\"><figure class=\"aligncenter\"><img loading=\"lazy\" decoding=\"async\" width=\"800\" height=\"600\" src=\"https:\/\/www.damienanres.com\/damanres\/wp-content\/uploads\/2017\/01\/DSCN1840.jpg\" alt=\"\" class=\"wp-image-1041\" srcset=\"https:\/\/www.damienanres.com\/damanres\/wp-content\/uploads\/2017\/01\/DSCN1840.jpg 800w, https:\/\/www.damienanres.com\/damanres\/wp-content\/uploads\/2017\/01\/DSCN1840-300x225.jpg 300w, https:\/\/www.damienanres.com\/damanres\/wp-content\/uploads\/2017\/01\/DSCN1840-768x576.jpg 768w\" sizes=\"auto, (max-width: 800px) 100vw, 800px\" \/><\/figure><\/div>\n\n\n\n<div class=\"wp-block-image\"><figure class=\"aligncenter\"><img loading=\"lazy\" decoding=\"async\" width=\"600\" height=\"800\" src=\"https:\/\/www.damienanres.com\/damanres\/wp-content\/uploads\/2017\/01\/DSCN1834.jpg\" alt=\"\" class=\"wp-image-1042\" srcset=\"https:\/\/www.damienanres.com\/damanres\/wp-content\/uploads\/2017\/01\/DSCN1834.jpg 600w, https:\/\/www.damienanres.com\/damanres\/wp-content\/uploads\/2017\/01\/DSCN1834-225x300.jpg 225w\" sizes=\"auto, (max-width: 600px) 100vw, 600px\" \/><\/figure><\/div>\n\n\n\n<div class=\"wp-block-image\"><figure class=\"aligncenter\"><img loading=\"lazy\" decoding=\"async\" width=\"600\" height=\"800\" src=\"https:\/\/www.damienanres.com\/damanres\/wp-content\/uploads\/2017\/01\/DSCN1832.jpg\" alt=\"\" class=\"wp-image-1043\" srcset=\"https:\/\/www.damienanres.com\/damanres\/wp-content\/uploads\/2017\/01\/DSCN1832.jpg 600w, https:\/\/www.damienanres.com\/damanres\/wp-content\/uploads\/2017\/01\/DSCN1832-225x300.jpg 225w\" sizes=\"auto, (max-width: 600px) 100vw, 600px\" \/><\/figure><\/div>\n\n\n\n<div class=\"wp-block-image\"><figure class=\"aligncenter\"><img loading=\"lazy\" decoding=\"async\" width=\"800\" height=\"600\" src=\"https:\/\/www.damienanres.com\/damanres\/wp-content\/uploads\/2017\/01\/DSCN1827.jpg\" alt=\"\" class=\"wp-image-1044\" srcset=\"https:\/\/www.damienanres.com\/damanres\/wp-content\/uploads\/2017\/01\/DSCN1827.jpg 800w, https:\/\/www.damienanres.com\/damanres\/wp-content\/uploads\/2017\/01\/DSCN1827-300x225.jpg 300w, https:\/\/www.damienanres.com\/damanres\/wp-content\/uploads\/2017\/01\/DSCN1827-768x576.jpg 768w\" sizes=\"auto, (max-width: 800px) 100vw, 800px\" \/><\/figure><\/div>\n\n\n\n<div class=\"wp-block-image\"><figure class=\"aligncenter\"><img loading=\"lazy\" decoding=\"async\" width=\"800\" height=\"600\" src=\"https:\/\/www.damienanres.com\/damanres\/wp-content\/uploads\/2017\/01\/DSCN1824.jpg\" alt=\"\" class=\"wp-image-1045\" srcset=\"https:\/\/www.damienanres.com\/damanres\/wp-content\/uploads\/2017\/01\/DSCN1824.jpg 800w, https:\/\/www.damienanres.com\/damanres\/wp-content\/uploads\/2017\/01\/DSCN1824-300x225.jpg 300w, https:\/\/www.damienanres.com\/damanres\/wp-content\/uploads\/2017\/01\/DSCN1824-768x576.jpg 768w\" sizes=\"auto, (max-width: 800px) 100vw, 800px\" \/><\/figure><\/div>\n\n\n\n<div class=\"wp-block-image\"><figure class=\"aligncenter\"><img loading=\"lazy\" decoding=\"async\" width=\"800\" height=\"600\" src=\"https:\/\/www.damienanres.com\/damanres\/wp-content\/uploads\/2017\/01\/DSCN1812.jpg\" alt=\"\" class=\"wp-image-1046\" srcset=\"https:\/\/www.damienanres.com\/damanres\/wp-content\/uploads\/2017\/01\/DSCN1812.jpg 800w, https:\/\/www.damienanres.com\/damanres\/wp-content\/uploads\/2017\/01\/DSCN1812-300x225.jpg 300w, https:\/\/www.damienanres.com\/damanres\/wp-content\/uploads\/2017\/01\/DSCN1812-768x576.jpg 768w\" sizes=\"auto, (max-width: 800px) 100vw, 800px\" \/><\/figure><\/div>\n\n\n\n<div class=\"wp-block-image\"><figure class=\"aligncenter\"><img loading=\"lazy\" decoding=\"async\" width=\"800\" height=\"600\" src=\"https:\/\/www.damienanres.com\/damanres\/wp-content\/uploads\/2017\/01\/DSCN1810.jpg\" alt=\"\" class=\"wp-image-1047\" srcset=\"https:\/\/www.damienanres.com\/damanres\/wp-content\/uploads\/2017\/01\/DSCN1810.jpg 800w, https:\/\/www.damienanres.com\/damanres\/wp-content\/uploads\/2017\/01\/DSCN1810-300x225.jpg 300w, https:\/\/www.damienanres.com\/damanres\/wp-content\/uploads\/2017\/01\/DSCN1810-768x576.jpg 768w\" sizes=\"auto, (max-width: 800px) 100vw, 800px\" \/><\/figure><\/div>\n\n\n\n<div class=\"wp-block-image\"><figure class=\"aligncenter\"><img loading=\"lazy\" decoding=\"async\" width=\"800\" height=\"600\" src=\"https:\/\/www.damienanres.com\/damanres\/wp-content\/uploads\/2017\/01\/DSCN1777.jpg\" alt=\"\" class=\"wp-image-1048\" srcset=\"https:\/\/www.damienanres.com\/damanres\/wp-content\/uploads\/2017\/01\/DSCN1777.jpg 800w, https:\/\/www.damienanres.com\/damanres\/wp-content\/uploads\/2017\/01\/DSCN1777-300x225.jpg 300w, https:\/\/www.damienanres.com\/damanres\/wp-content\/uploads\/2017\/01\/DSCN1777-768x576.jpg 768w\" sizes=\"auto, (max-width: 800px) 100vw, 800px\" \/><\/figure><\/div>\n\n\n\n<div class=\"wp-block-image\"><figure class=\"aligncenter\"><img loading=\"lazy\" decoding=\"async\" width=\"800\" height=\"600\" src=\"https:\/\/www.damienanres.com\/damanres\/wp-content\/uploads\/2017\/01\/DSCN1769.jpg\" alt=\"\" class=\"wp-image-1049\" srcset=\"https:\/\/www.damienanres.com\/damanres\/wp-content\/uploads\/2017\/01\/DSCN1769.jpg 800w, https:\/\/www.damienanres.com\/damanres\/wp-content\/uploads\/2017\/01\/DSCN1769-300x225.jpg 300w, https:\/\/www.damienanres.com\/damanres\/wp-content\/uploads\/2017\/01\/DSCN1769-768x576.jpg 768w\" sizes=\"auto, (max-width: 800px) 100vw, 800px\" \/><\/figure><\/div>\n\n\n\n<div class=\"wp-block-image\"><figure class=\"aligncenter\"><img loading=\"lazy\" decoding=\"async\" width=\"800\" height=\"600\" src=\"https:\/\/www.damienanres.com\/damanres\/wp-content\/uploads\/2017\/01\/DSCN1695.jpg\" alt=\"\" class=\"wp-image-1050\" srcset=\"https:\/\/www.damienanres.com\/damanres\/wp-content\/uploads\/2017\/01\/DSCN1695.jpg 800w, https:\/\/www.damienanres.com\/damanres\/wp-content\/uploads\/2017\/01\/DSCN1695-300x225.jpg 300w, https:\/\/www.damienanres.com\/damanres\/wp-content\/uploads\/2017\/01\/DSCN1695-768x576.jpg 768w\" sizes=\"auto, (max-width: 800px) 100vw, 800px\" \/><\/figure><\/div>\n\n\n\n<div class=\"wp-block-image\"><figure class=\"aligncenter\"><img loading=\"lazy\" decoding=\"async\" width=\"800\" height=\"600\" src=\"https:\/\/www.damienanres.com\/damanres\/wp-content\/uploads\/2017\/01\/DSCN1694.jpg\" alt=\"\" class=\"wp-image-1051\" srcset=\"https:\/\/www.damienanres.com\/damanres\/wp-content\/uploads\/2017\/01\/DSCN1694.jpg 800w, https:\/\/www.damienanres.com\/damanres\/wp-content\/uploads\/2017\/01\/DSCN1694-300x225.jpg 300w, https:\/\/www.damienanres.com\/damanres\/wp-content\/uploads\/2017\/01\/DSCN1694-768x576.jpg 768w\" sizes=\"auto, (max-width: 800px) 100vw, 800px\" \/><\/figure><\/div>\n\n\n\n<figure class=\"wp-block-embed is-type-video is-provider-youtube wp-block-embed-youtube wp-embed-aspect-16-9 wp-has-aspect-ratio\"><div class=\"wp-block-embed__wrapper\">\n<iframe loading=\"lazy\" title=\"\u00c9milie Simon - Desert (live)\" width=\"600\" height=\"338\" src=\"https:\/\/www.youtube.com\/embed\/CKJWlJCYpwE?feature=oembed\" frameborder=\"0\" allow=\"accelerometer; autoplay; clipboard-write; encrypted-media; gyroscope; picture-in-picture; web-share\" referrerpolicy=\"strict-origin-when-cross-origin\" allowfullscreen><\/iframe>\n<\/div><\/figure>\n\n\n\n<div class=\"wp-block-image wp-image-1881 size-medium\"><figure class=\"alignright\"><img loading=\"lazy\" decoding=\"async\" width=\"191\" height=\"300\" src=\"https:\/\/www.damienanres.com\/damanres\/wp-content\/uploads\/2019\/10\/BA66338B-E985-4EE3-B4DC-7734FCC896AC-191x300.jpeg\" alt=\"\" class=\"wp-image-1881\"\/><figcaption>PEINTURE ENVOY\u00c9E \u00c0 \u00c9MILIE SIMON<\/figcaption><\/figure><\/div>\n\n\n\n<div class=\"wp-block-image\"><figure class=\"alignleft\"><a href=\"https:\/\/www.facebook.com\/emiliesimonofficial\/posts\/10151561442739443:0\"><img loading=\"lazy\" decoding=\"async\" width=\"217\" height=\"300\" src=\"https:\/\/www.damienanres.com\/damanres\/wp-content\/uploads\/2017\/01\/DESSIN-EMILIE.jpg\" alt=\"\" class=\"wp-image-1053\"\/><\/a><figcaption>DESSIN FAIT PAR \u00c9MILIE SIMON<\/figcaption><\/figure><\/div>\n\n\n","protected":false},"excerpt":{"rendered":"<p>Photographies et video (voir &agrave; la fin de cette page pour la vid&eacute;o) prises lors du concert au Cirque Royal de Bruxelles pour Les nuits de la botanique 2014. Je me pose toujours une question &agrave; ce jour &hellip; &agrave; savoir si &Eacute;milie Simon a bien re&ccedil;u la peinture que j&rsquo;ai faite &agrave; partir de [&hellip;]<\/p>\n","protected":false},"author":1,"featured_media":1214,"parent":0,"menu_order":0,"comment_status":"closed","ping_status":"closed","template":"","meta":{"footnotes":""},"class_list":["post-1033","page","type-page","status-publish","has-post-thumbnail","hentry"],"_links":{"self":[{"href":"https:\/\/www.damienanres.com\/damanres\/wp-json\/wp\/v2\/pages\/1033","targetHints":{"allow":["GET"]}}],"collection":[{"href":"https:\/\/www.damienanres.com\/damanres\/wp-json\/wp\/v2\/pages"}],"about":[{"href":"https:\/\/www.damienanres.com\/damanres\/wp-json\/wp\/v2\/types\/page"}],"author":[{"embeddable":true,"href":"https:\/\/www.damienanres.com\/damanres\/wp-json\/wp\/v2\/users\/1"}],"replies":[{"embeddable":true,"href":"https:\/\/www.damienanres.com\/damanres\/wp-json\/wp\/v2\/comments?post=1033"}],"version-history":[{"count":21,"href":"https:\/\/www.damienanres.com\/damanres\/wp-json\/wp\/v2\/pages\/1033\/revisions"}],"predecessor-version":[{"id":2311,"href":"https:\/\/www.damienanres.com\/damanres\/wp-json\/wp\/v2\/pages\/1033\/revisions\/2311"}],"wp:featuredmedia":[{"embeddable":true,"href":"https:\/\/www.damienanres.com\/damanres\/wp-json\/wp\/v2\/media\/1214"}],"wp:attachment":[{"href":"https:\/\/www.damienanres.com\/damanres\/wp-json\/wp\/v2\/media?parent=1033"}],"curies":[{"name":"wp","href":"https:\/\/api.w.org\/{rel}","templated":true}]}}