{"id":1218,"date":"2017-01-08T08:13:37","date_gmt":"2017-01-08T08:13:37","guid":{"rendered":"http:\/\/www.damienanres.com\/damanres\/?page_id=1218"},"modified":"2019-10-22T01:22:11","modified_gmt":"2019-10-22T01:22:11","slug":"mentions-legales","status":"publish","type":"page","link":"https:\/\/www.damienanres.com\/damanres\/bienvenue\/mentions-legales\/","title":{"rendered":"MENTIONS L\u00c9GALES"},"content":{"rendered":"<p><b>Site cr\u00e9\u00e9 par<\/b> : DAMIEN ANR\u00c8S<\/p>\n<p><b>Herbergement<\/b> : Green.ch<\/p>\n<p class=\"p1\"><span class=\"s1\"><strong>Siret<\/strong> : 51240337900013<\/span><\/p>\n<p class=\"p1\"><span class=\"s1\"><strong>Code APE<\/strong>\u00a0: 9003A<\/span><\/p>\n<p class=\"p1\"><span class=\"s1\"><strong>TVA<span class=\"Apple-converted-space\">\u00a0 <\/span>Intra communautaire<\/strong> : FR30512403379<\/span><\/p>\n<p><b>Propri\u00e9t\u00e9 intellectuelle et contrefa\u00e7ons<\/b> : DAMIEN ANR\u00c8S est propri\u00e9taire des droits de propri\u00e9t\u00e9 intellectuelle ou\/et d\u00e9tient les droits d\u2019usage sur tous les \u00e9l\u00e9ments accessibles sur le site, notamment les textes, images, graphismes, logo, ic\u00f4nes, sons, logiciels.<\/p>\n<p>Toute reproduction, repr\u00e9sentation, modification, publication, adaptation de tout ou partie des \u00e9l\u00e9ments du site, quel que soit le moyen ou le proc\u00e9d\u00e9 utilis\u00e9, est interdite, sauf autorisation \u00e9crite pr\u00e9alable de : DAMIEN ANR\u00c8S.<\/p>\n<p>Toute exploitation non autoris\u00e9e du site ou de l\u2019un quelconque des \u00e9l\u00e9ments qu\u2019il contient sera consid\u00e9r\u00e9e comme constitutive d\u2019une contrefa\u00e7on et poursuivie conform\u00e9ment aux dispositions des articles L.335-2 et suivants du Code de Propri\u00e9t\u00e9 Intellectuelle.<\/p>\n<p><strong>Information basique<\/strong> : Nous prions les visiteurs de ne pas \u00ab\u00a0partager\u00a0\u00bb les photos, visuels et logos du blog et du site, sur Facebook, Google, Instagram, Pinterest ou tout autre moyen, sans mentionner la marque\/nom et la page internet source. Nous leurs rappelons que tous les travaux pr\u00e9sent\u00e9s ici sont plac\u00e9s d\u2019office sous \u00a9 (copyright) et prot\u00e9g\u00e9s mondialement par le droit d\u2019auteur ; nos \u0153uvres ne sont ni transformables ni duplicables.<\/p>\n","protected":false},"excerpt":{"rendered":"<p>Site cr&eacute;&eacute; par : DAMIEN ANR&Egrave;S Herbergement : Green.ch Siret : 51240337900013 Code APE&nbsp;: 9003A TVA&nbsp; Intra communautaire : FR30512403379 Propri&eacute;t&eacute; intellectuelle et contrefa&ccedil;ons : DAMIEN ANR&Egrave;S est propri&eacute;taire des droits de propri&eacute;t&eacute; intellectuelle ou\/et d&eacute;tient les droits d&rsquo;usage sur tous les &eacute;l&eacute;ments accessibles sur le site, notamment les textes, images, graphismes, logo, ic&ocirc;nes, sons, [&hellip;]<\/p>\n","protected":false},"author":1,"featured_media":1827,"parent":5,"menu_order":0,"comment_status":"closed","ping_status":"closed","template":"","meta":{"footnotes":""},"class_list":["post-1218","page","type-page","status-publish","has-post-thumbnail","hentry"],"_links":{"self":[{"href":"https:\/\/www.damienanres.com\/damanres\/wp-json\/wp\/v2\/pages\/1218","targetHints":{"allow":["GET"]}}],"collection":[{"href":"https:\/\/www.damienanres.com\/damanres\/wp-json\/wp\/v2\/pages"}],"about":[{"href":"https:\/\/www.damienanres.com\/damanres\/wp-json\/wp\/v2\/types\/page"}],"author":[{"embeddable":true,"href":"https:\/\/www.damienanres.com\/damanres\/wp-json\/wp\/v2\/users\/1"}],"replies":[{"embeddable":true,"href":"https:\/\/www.damienanres.com\/damanres\/wp-json\/wp\/v2\/comments?post=1218"}],"version-history":[{"count":13,"href":"https:\/\/www.damienanres.com\/damanres\/wp-json\/wp\/v2\/pages\/1218\/revisions"}],"predecessor-version":[{"id":1933,"href":"https:\/\/www.damienanres.com\/damanres\/wp-json\/wp\/v2\/pages\/1218\/revisions\/1933"}],"up":[{"embeddable":true,"href":"https:\/\/www.damienanres.com\/damanres\/wp-json\/wp\/v2\/pages\/5"}],"wp:featuredmedia":[{"embeddable":true,"href":"https:\/\/www.damienanres.com\/damanres\/wp-json\/wp\/v2\/media\/1827"}],"wp:attachment":[{"href":"https:\/\/www.damienanres.com\/damanres\/wp-json\/wp\/v2\/media?parent=1218"}],"curies":[{"name":"wp","href":"https:\/\/api.w.org\/{rel}","templated":true}]}}