{"id":1437,"date":"2017-07-26T01:42:35","date_gmt":"2017-07-26T01:42:35","guid":{"rendered":"http:\/\/www.damienanres.com\/damanres\/?page_id=1437"},"modified":"2026-04-03T05:38:06","modified_gmt":"2026-04-03T05:38:06","slug":"musique","status":"publish","type":"page","link":"https:\/\/www.damienanres.com\/damanres\/bienvenue\/musique\/","title":{"rendered":"MUSIQUE"},"content":{"rendered":"\n<p><strong>NO NEED TO STAY<\/strong>  (MARS 2026) :<\/p>\n\n\n<div class=\"wp-block-image\">\n<figure class=\"aligncenter size-full\"><img loading=\"lazy\" decoding=\"async\" width=\"2560\" height=\"2560\" src=\"https:\/\/www.damienanres.com\/damanres\/wp-content\/uploads\/2026\/04\/IMG_5357-scaled.jpeg\" alt=\"\" class=\"wp-image-3443\" srcset=\"https:\/\/www.damienanres.com\/damanres\/wp-content\/uploads\/2026\/04\/IMG_5357-scaled.jpeg 2560w, https:\/\/www.damienanres.com\/damanres\/wp-content\/uploads\/2026\/04\/IMG_5357-300x300.jpeg 300w, https:\/\/www.damienanres.com\/damanres\/wp-content\/uploads\/2026\/04\/IMG_5357-1024x1024.jpeg 1024w, https:\/\/www.damienanres.com\/damanres\/wp-content\/uploads\/2026\/04\/IMG_5357-150x150.jpeg 150w, https:\/\/www.damienanres.com\/damanres\/wp-content\/uploads\/2026\/04\/IMG_5357-768x768.jpeg 768w, https:\/\/www.damienanres.com\/damanres\/wp-content\/uploads\/2026\/04\/IMG_5357-1536x1536.jpeg 1536w, https:\/\/www.damienanres.com\/damanres\/wp-content\/uploads\/2026\/04\/IMG_5357-2048x2048.jpeg 2048w, https:\/\/www.damienanres.com\/damanres\/wp-content\/uploads\/2026\/04\/IMG_5357-1240x1240.jpeg 1240w, https:\/\/www.damienanres.com\/damanres\/wp-content\/uploads\/2026\/04\/IMG_5357-508x508.jpeg 508w\" sizes=\"auto, (max-width: 2560px) 100vw, 2560px\" \/><\/figure>\n<\/div>\n\n\n<div data-wp-interactive=\"core\/file\" class=\"wp-block-file aligncenter\"><object data-wp-bind--hidden=\"!state.hasPdfPreview\" hidden class=\"wp-block-file__embed\" data=\"https:\/\/www.damienanres.com\/damanres\/wp-content\/uploads\/2026\/03\/Paroles_Manuscrites.pdf\" type=\"application\/pdf\" style=\"width:100%;height:600px\" aria-label=\"Contenu embarqu\u00e9 Paroles_Manuscrites.\"><\/object><a id=\"wp-block-file--media-41242b9c-3cd0-4480-95ee-69770b1da0b0\" href=\"https:\/\/www.damienanres.com\/damanres\/wp-content\/uploads\/2026\/03\/Paroles_Manuscrites.pdf\">Paroles_Manuscrites<\/a><a href=\"https:\/\/www.damienanres.com\/damanres\/wp-content\/uploads\/2026\/03\/Paroles_Manuscrites.pdf\" class=\"wp-block-file__button wp-element-button\" download aria-describedby=\"wp-block-file--media-41242b9c-3cd0-4480-95ee-69770b1da0b0\">T\u00e9l\u00e9charger<\/a><\/div>\n\n\n\n<div data-wp-interactive=\"core\/file\" class=\"wp-block-file aligncenter\"><object data-wp-bind--hidden=\"!state.hasPdfPreview\" hidden class=\"wp-block-file__embed\" data=\"https:\/\/www.damienanres.com\/damanres\/wp-content\/uploads\/2026\/03\/English_Lyrics_NONEEDTOSTAY.pdf\" type=\"application\/pdf\" style=\"width:100%;height:600px\" aria-label=\"Contenu embarqu\u00e9 English_Lyrics_NONEEDTOSTAY.\"><\/object><a id=\"wp-block-file--media-8e9cf9a1-69a3-4a31-a12a-9525c98810b0\" href=\"https:\/\/www.damienanres.com\/damanres\/wp-content\/uploads\/2026\/03\/English_Lyrics_NONEEDTOSTAY.pdf\">English_Lyrics_NONEEDTOSTAY<\/a><a href=\"https:\/\/www.damienanres.com\/damanres\/wp-content\/uploads\/2026\/03\/English_Lyrics_NONEEDTOSTAY.pdf\" class=\"wp-block-file__button wp-element-button\" download aria-describedby=\"wp-block-file--media-8e9cf9a1-69a3-4a31-a12a-9525c98810b0\">T\u00e9l\u00e9charger<\/a><\/div>\n\n\n<p><iframe style=\"border: 0; width: 350px; height: 720px;\" src=\"https:\/\/bandcamp.com\/EmbeddedPlayer\/album=1971439212\/size=large\/bgcol=333333\/linkcol=e32c14\/transparent=true\/\" seamless><a href=\"https:\/\/damienanres.bandcamp.com\/album\/no-need-to-stay\">NO NEED TO STAY by DAMIEN ANR\u00c8S<\/a><\/iframe><\/p>\n\n\n\n<p>DISPONIBLE \u00c0 L\u2019ACHAT SUR BANDCAMP :<\/p>\n\n\n\n<p><a href=\"https:\/\/damienanres.bandcamp.com\/album\/no-need-to-stay\" target=\"_blank\" rel=\"noreferrer noopener\">https:\/\/damienanres.bandcamp.com\/album\/no-need-to-stay<\/a><\/p>\n\n\n\n<p><\/p>\n\n\n\n<hr class=\"wp-block-separator has-alpha-channel-opacity\"\/>\n\n\n\n<p class=\"has-text-align-center\"><strong>LES AMOURS PERDUS <\/strong>(Septembre 2025)<strong> :<\/strong><\/p>\n\n\n<div class=\"wp-block-image\">\n<figure class=\"aligncenter size-full\"><img loading=\"lazy\" decoding=\"async\" width=\"960\" height=\"857\" src=\"https:\/\/www.damienanres.com\/damanres\/wp-content\/uploads\/2025\/09\/IMG_3196-1.jpeg\" alt=\"\" class=\"wp-image-3352\" srcset=\"https:\/\/www.damienanres.com\/damanres\/wp-content\/uploads\/2025\/09\/IMG_3196-1.jpeg 960w, https:\/\/www.damienanres.com\/damanres\/wp-content\/uploads\/2025\/09\/IMG_3196-1-300x268.jpeg 300w, https:\/\/www.damienanres.com\/damanres\/wp-content\/uploads\/2025\/09\/IMG_3196-1-768x686.jpeg 768w, https:\/\/www.damienanres.com\/damanres\/wp-content\/uploads\/2025\/09\/IMG_3196-1-508x453.jpeg 508w\" sizes=\"auto, (max-width: 960px) 100vw, 960px\" \/><\/figure>\n<\/div>\n\n\n<figure class=\"wp-block-image size-full\"><img loading=\"lazy\" decoding=\"async\" width=\"960\" height=\"935\" src=\"https:\/\/www.damienanres.com\/damanres\/wp-content\/uploads\/2025\/09\/IMG_3200.jpeg\" alt=\"\" class=\"wp-image-3357\" srcset=\"https:\/\/www.damienanres.com\/damanres\/wp-content\/uploads\/2025\/09\/IMG_3200.jpeg 960w, https:\/\/www.damienanres.com\/damanres\/wp-content\/uploads\/2025\/09\/IMG_3200-300x292.jpeg 300w, https:\/\/www.damienanres.com\/damanres\/wp-content\/uploads\/2025\/09\/IMG_3200-768x748.jpeg 768w, https:\/\/www.damienanres.com\/damanres\/wp-content\/uploads\/2025\/09\/IMG_3200-508x495.jpeg 508w\" sizes=\"auto, (max-width: 960px) 100vw, 960px\" \/><\/figure>\n\n\n<p><iframe style=\"border: 0; width: 350px; height: 786px;\" src=\"https:\/\/bandcamp.com\/EmbeddedPlayer\/album=1072498948\/size=large\/bgcol=333333\/linkcol=e32c14\/transparent=true\/\" seamless><a href=\"https:\/\/damienanres.bandcamp.com\/album\/les-amours-perdus\">LES AMOURS PERDUS by DAMIEN ANR\u00c8S<\/a><\/iframe><\/p>\n\n\n\n<p class=\"has-text-align-left\">ACHAT POSSIBLE SUR BANDCAMP :<\/p>\n\n\n\n<p><a href=\"https:\/\/damienanres.bandcamp.com\/album\/les-amours-perdus\" target=\"_blank\" rel=\"noreferrer noopener\">https:\/\/damienanres.bandcamp.com\/album\/les-amours-perdus<\/a><\/p>\n\n\n\n<hr class=\"wp-block-separator has-alpha-channel-opacity\"\/>\n\n\n\n<p class=\"has-text-align-center\"><br><strong>LES R\u00caVES DE VICTORIA<\/strong> (Septembre 2025) :<\/p>\n\n\n<div class=\"wp-block-image\">\n<figure class=\"aligncenter size-full\"><img loading=\"lazy\" decoding=\"async\" width=\"960\" height=\"931\" src=\"https:\/\/www.damienanres.com\/damanres\/wp-content\/uploads\/2025\/09\/IMG_3197.jpeg\" alt=\"\" class=\"wp-image-3355\" srcset=\"https:\/\/www.damienanres.com\/damanres\/wp-content\/uploads\/2025\/09\/IMG_3197.jpeg 960w, https:\/\/www.damienanres.com\/damanres\/wp-content\/uploads\/2025\/09\/IMG_3197-300x291.jpeg 300w, https:\/\/www.damienanres.com\/damanres\/wp-content\/uploads\/2025\/09\/IMG_3197-768x745.jpeg 768w, https:\/\/www.damienanres.com\/damanres\/wp-content\/uploads\/2025\/09\/IMG_3197-508x493.jpeg 508w\" sizes=\"auto, (max-width: 960px) 100vw, 960px\" \/><\/figure>\n<\/div>\n\n<div class=\"wp-block-image\">\n<figure class=\"aligncenter size-full\"><img loading=\"lazy\" decoding=\"async\" width=\"960\" height=\"940\" src=\"https:\/\/www.damienanres.com\/damanres\/wp-content\/uploads\/2025\/09\/IMG_3201.jpeg\" alt=\"\" class=\"wp-image-3356\" srcset=\"https:\/\/www.damienanres.com\/damanres\/wp-content\/uploads\/2025\/09\/IMG_3201.jpeg 960w, https:\/\/www.damienanres.com\/damanres\/wp-content\/uploads\/2025\/09\/IMG_3201-300x294.jpeg 300w, https:\/\/www.damienanres.com\/damanres\/wp-content\/uploads\/2025\/09\/IMG_3201-768x752.jpeg 768w, https:\/\/www.damienanres.com\/damanres\/wp-content\/uploads\/2025\/09\/IMG_3201-508x497.jpeg 508w\" sizes=\"auto, (max-width: 960px) 100vw, 960px\" \/><\/figure>\n<\/div>\n\n<p><iframe style=\"border: 0; width: 350px; height: 753px;\" src=\"https:\/\/bandcamp.com\/EmbeddedPlayer\/album=611375475\/size=large\/bgcol=333333\/linkcol=e32c14\/transparent=true\/\" seamless><a href=\"https:\/\/damienanres.bandcamp.com\/album\/les-r-ves-de-victoria\">Les r\u00eaves de Victoria by DAMIEN ANR\u00c8S<\/a><\/iframe><\/p>\n\n\n\n<p>ACHAT POSSIBLE SUR BANDCAMP : <\/p>\n\n\n\n<p><a href=\"https:\/\/damienanres.bandcamp.com\/album\/les-r-ves-de-victoria\" target=\"_blank\" rel=\"noreferrer noopener\">https:\/\/damienanres.bandcamp.com\/album\/les-r-ves-de-victoria<\/a><\/p>\n\n\n\n<hr class=\"wp-block-separator has-alpha-channel-opacity\"\/>\n\n\n\n<p class=\"has-text-align-center\"><strong>LES AMOURS PERDUS (COVER)<\/strong> (octobre 2025 ) :<\/p>\n\n\n<div class=\"wp-block-image\">\n<figure class=\"aligncenter size-large\"><img loading=\"lazy\" decoding=\"async\" width=\"1024\" height=\"1024\" src=\"https:\/\/www.damienanres.com\/damanres\/wp-content\/uploads\/2025\/10\/IMG_3428-1024x1024.jpeg\" alt=\"\" class=\"wp-image-3377\" srcset=\"https:\/\/www.damienanres.com\/damanres\/wp-content\/uploads\/2025\/10\/IMG_3428-1024x1024.jpeg 1024w, https:\/\/www.damienanres.com\/damanres\/wp-content\/uploads\/2025\/10\/IMG_3428-300x300.jpeg 300w, https:\/\/www.damienanres.com\/damanres\/wp-content\/uploads\/2025\/10\/IMG_3428-150x150.jpeg 150w, https:\/\/www.damienanres.com\/damanres\/wp-content\/uploads\/2025\/10\/IMG_3428-768x768.jpeg 768w, https:\/\/www.damienanres.com\/damanres\/wp-content\/uploads\/2025\/10\/IMG_3428-1536x1536.jpeg 1536w, https:\/\/www.damienanres.com\/damanres\/wp-content\/uploads\/2025\/10\/IMG_3428-1240x1240.jpeg 1240w, https:\/\/www.damienanres.com\/damanres\/wp-content\/uploads\/2025\/10\/IMG_3428-508x508.jpeg 508w, https:\/\/www.damienanres.com\/damanres\/wp-content\/uploads\/2025\/10\/IMG_3428.jpeg 2000w\" sizes=\"auto, (max-width: 1024px) 100vw, 1024px\" \/><\/figure>\n<\/div>\n\n<p><iframe style=\"border: 0; width: 350px; height: 786px;\" src=\"https:\/\/bandcamp.com\/EmbeddedPlayer\/album=4224440786\/size=large\/bgcol=333333\/linkcol=e32c14\/transparent=true\/\" seamless><a href=\"https:\/\/damienanres.bandcamp.com\/album\/les-amours-perdus-revisit\">Les Amours Perdus Revisit\u00e9 by DAMIEN ANR\u00c8S<\/a><\/iframe><\/p>\n\n\n\n<p class=\"has-text-align-left\">ACHAT POSSIBLE SUR BANDCAMP : <\/p>\n\n\n\n<p><a href=\"https:\/\/damienanres.bandcamp.com\/album\/les-amours-perdus-cover\" target=\"_blank\" rel=\"noreferrer noopener\">https:\/\/damienanres.bandcamp.com\/album\/les-amours-perdus-cover<\/a><\/p>\n\n\n\n<hr class=\"wp-block-separator has-alpha-channel-opacity\"\/>\n\n\n\n<p class=\"has-text-align-center\"><strong>L\u2019AMN\u00c9SIE CONTR\u00d4L\u00c9E<\/strong> (OCTOBRE 2025) :<\/p>\n\n\n<div class=\"wp-block-image\">\n<figure class=\"aligncenter size-full\"><img loading=\"lazy\" decoding=\"async\" width=\"960\" height=\"929\" src=\"https:\/\/www.damienanres.com\/damanres\/wp-content\/uploads\/2025\/10\/IMG_3430.jpeg\" alt=\"\" class=\"wp-image-3384\" srcset=\"https:\/\/www.damienanres.com\/damanres\/wp-content\/uploads\/2025\/10\/IMG_3430.jpeg 960w, https:\/\/www.damienanres.com\/damanres\/wp-content\/uploads\/2025\/10\/IMG_3430-300x290.jpeg 300w, https:\/\/www.damienanres.com\/damanres\/wp-content\/uploads\/2025\/10\/IMG_3430-768x743.jpeg 768w, https:\/\/www.damienanres.com\/damanres\/wp-content\/uploads\/2025\/10\/IMG_3430-508x492.jpeg 508w\" sizes=\"auto, (max-width: 960px) 100vw, 960px\" \/><\/figure>\n<\/div>\n\n<p><iframe style=\"border: 0; width: 350px; height: 687px;\" src=\"https:\/\/bandcamp.com\/EmbeddedPlayer\/album=1609805058\/size=large\/bgcol=333333\/linkcol=e32c14\/transparent=true\/\" seamless><a href=\"https:\/\/damienanres.bandcamp.com\/album\/l-amn-sie-contr-l-e-ep\">L\u2019amn\u00e9sie Contr\u00f4l\u00e9e (EP) by DAMIEN ANR\u00c8S<\/a><\/iframe><\/p>\n\n\n\n<p class=\"has-text-align-left\">ACHAT POSSIBLE SUR BANDCAMP : <\/p>\n\n\n\n<p><a href=\"https:\/\/damienanres.bandcamp.com\/album\/l-amn-sie-contr-l-e-ep\" target=\"_blank\" rel=\"noreferrer noopener\">https:\/\/damienanres.bandcamp.com\/album\/l-amn-sie-contr-l-e-ep<\/a><\/p>\n","protected":false},"excerpt":{"rendered":"<p>NO NEED TO STAY (MARS 2026) : DISPONIBLE &Agrave; L&rsquo;ACHAT SUR BANDCAMP : https:\/\/damienanres.bandcamp.com\/album\/no-need-to-stay LES AMOURS PERDUS (Septembre 2025) : ACHAT POSSIBLE SUR BANDCAMP : https:\/\/damienanres.bandcamp.com\/album\/les-amours-perdus LES R&Ecirc;VES DE VICTORIA (Septembre 2025) : ACHAT POSSIBLE SUR BANDCAMP : https:\/\/damienanres.bandcamp.com\/album\/les-r-ves-de-victoria LES AMOURS PERDUS (COVER) (octobre 2025 ) : ACHAT POSSIBLE SUR BANDCAMP : https:\/\/damienanres.bandcamp.com\/album\/les-amours-perdus-cover L&rsquo;AMN&Eacute;SIE CONTR&Ocirc;L&Eacute;E [&hellip;]<\/p>\n","protected":false},"author":1,"featured_media":3367,"parent":5,"menu_order":0,"comment_status":"closed","ping_status":"closed","template":"","meta":{"footnotes":""},"class_list":["post-1437","page","type-page","status-publish","has-post-thumbnail","hentry"],"_links":{"self":[{"href":"https:\/\/www.damienanres.com\/damanres\/wp-json\/wp\/v2\/pages\/1437","targetHints":{"allow":["GET"]}}],"collection":[{"href":"https:\/\/www.damienanres.com\/damanres\/wp-json\/wp\/v2\/pages"}],"about":[{"href":"https:\/\/www.damienanres.com\/damanres\/wp-json\/wp\/v2\/types\/page"}],"author":[{"embeddable":true,"href":"https:\/\/www.damienanres.com\/damanres\/wp-json\/wp\/v2\/users\/1"}],"replies":[{"embeddable":true,"href":"https:\/\/www.damienanres.com\/damanres\/wp-json\/wp\/v2\/comments?post=1437"}],"version-history":[{"count":47,"href":"https:\/\/www.damienanres.com\/damanres\/wp-json\/wp\/v2\/pages\/1437\/revisions"}],"predecessor-version":[{"id":3444,"href":"https:\/\/www.damienanres.com\/damanres\/wp-json\/wp\/v2\/pages\/1437\/revisions\/3444"}],"up":[{"embeddable":true,"href":"https:\/\/www.damienanres.com\/damanres\/wp-json\/wp\/v2\/pages\/5"}],"wp:featuredmedia":[{"embeddable":true,"href":"https:\/\/www.damienanres.com\/damanres\/wp-json\/wp\/v2\/media\/3367"}],"wp:attachment":[{"href":"https:\/\/www.damienanres.com\/damanres\/wp-json\/wp\/v2\/media?parent=1437"}],"curies":[{"name":"wp","href":"https:\/\/api.w.org\/{rel}","templated":true}]}}