{"id":2103,"date":"2020-08-16T23:51:40","date_gmt":"2020-08-16T23:51:40","guid":{"rendered":"http:\/\/www.damienanres.com\/damanres\/?page_id=2103"},"modified":"2025-04-04T16:54:54","modified_gmt":"2025-04-04T16:54:54","slug":"ou-sont-mes-trucs","status":"publish","type":"page","link":"https:\/\/www.damienanres.com\/damanres\/ou-sont-mes-trucs\/","title":{"rendered":"O\u00d9 SONT MES TRUCS ?"},"content":{"rendered":"\n<div class=\"wp-block-group\"><div class=\"wp-block-group__inner-container is-layout-flow wp-block-group-is-layout-flow\">\n<p class=\"has-text-align-center\"><strong>Voici une sorte de \u00ab&nbsp;MapMonde&nbsp;\u00bb de  : <\/strong><\/p>\n\n\n\n<p class=\"has-text-align-center\">\u00ab&nbsp;<strong>&nbsp;O\u00f9 sont mes peintures \/ dessins ?&nbsp;\u00bb.<\/strong><\/p>\n<\/div><\/div>\n\n\n<div class=\"wp-block-image\">\n<figure class=\"aligncenter size-large\"><img loading=\"lazy\" decoding=\"async\" width=\"768\" height=\"1024\" src=\"https:\/\/www.damienanres.com\/damanres\/wp-content\/uploads\/2024\/10\/IMG_6434-768x1024.jpeg\" alt=\"\" class=\"wp-image-2778\" srcset=\"https:\/\/www.damienanres.com\/damanres\/wp-content\/uploads\/2024\/10\/IMG_6434-768x1024.jpeg 768w, https:\/\/www.damienanres.com\/damanres\/wp-content\/uploads\/2024\/10\/IMG_6434-225x300.jpeg 225w, https:\/\/www.damienanres.com\/damanres\/wp-content\/uploads\/2024\/10\/IMG_6434-1152x1536.jpeg 1152w, https:\/\/www.damienanres.com\/damanres\/wp-content\/uploads\/2024\/10\/IMG_6434-1240x1653.jpeg 1240w, https:\/\/www.damienanres.com\/damanres\/wp-content\/uploads\/2024\/10\/IMG_6434-508x677.jpeg 508w, https:\/\/www.damienanres.com\/damanres\/wp-content\/uploads\/2024\/10\/IMG_6434.jpeg 1536w\" sizes=\"auto, (max-width: 768px) 100vw, 768px\" \/><\/figure>\n<\/div>\n\n\n<p><em>\u00ab&nbsp;Annie aimait danser&nbsp;\u00bb (cyanotype) \u00ab&nbsp;Les senteurs des r\u00eaves&nbsp;\u00bb (livre) : <\/em>Soizic V., Marseille, France.<\/p>\n\n\n\n<hr class=\"wp-block-separator has-alpha-channel-opacity\"\/>\n\n\n<div class=\"wp-block-image\">\n<figure class=\"aligncenter size-large\"><img loading=\"lazy\" decoding=\"async\" width=\"1024\" height=\"764\" src=\"https:\/\/www.damienanres.com\/damanres\/wp-content\/uploads\/2020\/08\/58BB93B6-4B81-4664-903B-66ACEC8C3443-1024x764.jpeg\" alt=\"\" class=\"wp-image-2104\" srcset=\"https:\/\/www.damienanres.com\/damanres\/wp-content\/uploads\/2020\/08\/58BB93B6-4B81-4664-903B-66ACEC8C3443-1024x764.jpeg 1024w, https:\/\/www.damienanres.com\/damanres\/wp-content\/uploads\/2020\/08\/58BB93B6-4B81-4664-903B-66ACEC8C3443-300x224.jpeg 300w, https:\/\/www.damienanres.com\/damanres\/wp-content\/uploads\/2020\/08\/58BB93B6-4B81-4664-903B-66ACEC8C3443-768x573.jpeg 768w, https:\/\/www.damienanres.com\/damanres\/wp-content\/uploads\/2020\/08\/58BB93B6-4B81-4664-903B-66ACEC8C3443.jpeg 1125w\" sizes=\"auto, (max-width: 1024px) 100vw, 1024px\" \/><figcaption class=\"wp-element-caption\">&nbsp;\u00ab&nbsp;Butterflies&nbsp;\u00bb : Connie W., Los Angeles, Californie, USA<\/figcaption><\/figure>\n<\/div>\n\n\n<hr class=\"wp-block-separator has-css-opacity\"\/>\n\n\n\n<figure class=\"wp-block-video aligncenter\"><video height=\"144\" style=\"aspect-ratio: 176 \/ 144;\" width=\"176\" controls src=\"https:\/\/www.damienanres.com\/damanres\/wp-content\/uploads\/2020\/08\/trim.2A131F51-E7CF-4A2D-8E12-422870B2ADD0.mov\"><\/video><figcaption class=\"wp-element-caption\">&nbsp;<strong>VID\u00c9O<\/strong> : \u00ab&nbsp;Where is the sky&nbsp;\u00bb : Sherilyn F., Los Angeles, Californie, USA<\/figcaption><\/figure>\n\n\n\n<p><a href=\"https:\/\/youtu.be\/S64U9GNRBWA\" target=\"_blank\" rel=\"noreferrer noopener\">https:\/\/youtu.be\/S64U9GNRBWA<\/a><\/p>\n\n\n\n<hr class=\"wp-block-separator has-css-opacity\"\/>\n\n\n<div class=\"wp-block-image\">\n<figure class=\"aligncenter size-large\"><img loading=\"lazy\" decoding=\"async\" width=\"720\" height=\"960\" src=\"https:\/\/www.damienanres.com\/damanres\/wp-content\/uploads\/2020\/08\/3DD60868-E025-4AE6-BA1B-026F21CA71F4.jpeg\" alt=\"\" class=\"wp-image-2105\" srcset=\"https:\/\/www.damienanres.com\/damanres\/wp-content\/uploads\/2020\/08\/3DD60868-E025-4AE6-BA1B-026F21CA71F4.jpeg 720w, https:\/\/www.damienanres.com\/damanres\/wp-content\/uploads\/2020\/08\/3DD60868-E025-4AE6-BA1B-026F21CA71F4-225x300.jpeg 225w\" sizes=\"auto, (max-width: 720px) 100vw, 720px\" \/><figcaption class=\"wp-element-caption\">&nbsp;\u00ab&nbsp;Wandering Star&nbsp;\u00bb : Keith C., Mar Vista, Californie USA.<\/figcaption><\/figure>\n<\/div>\n\n<div class=\"wp-block-image\">\n<figure class=\"aligncenter size-large\"><img loading=\"lazy\" decoding=\"async\" width=\"1024\" height=\"768\" src=\"https:\/\/www.damienanres.com\/damanres\/wp-content\/uploads\/2023\/06\/IMG_9085-1024x768.jpeg\" alt=\"\" class=\"wp-image-2609\" srcset=\"https:\/\/www.damienanres.com\/damanres\/wp-content\/uploads\/2023\/06\/IMG_9085-1024x768.jpeg 1024w, https:\/\/www.damienanres.com\/damanres\/wp-content\/uploads\/2023\/06\/IMG_9085-300x225.jpeg 300w, https:\/\/www.damienanres.com\/damanres\/wp-content\/uploads\/2023\/06\/IMG_9085-768x576.jpeg 768w, https:\/\/www.damienanres.com\/damanres\/wp-content\/uploads\/2023\/06\/IMG_9085-1536x1152.jpeg 1536w, https:\/\/www.damienanres.com\/damanres\/wp-content\/uploads\/2023\/06\/IMG_9085-1240x930.jpeg 1240w, https:\/\/www.damienanres.com\/damanres\/wp-content\/uploads\/2023\/06\/IMG_9085-508x381.jpeg 508w, https:\/\/www.damienanres.com\/damanres\/wp-content\/uploads\/2023\/06\/IMG_9085.jpeg 2048w\" sizes=\"auto, (max-width: 1024px) 100vw, 1024px\" \/><\/figure>\n<\/div>\n\n\n<hr class=\"wp-block-separator has-css-opacity\"\/>\n\n\n<div class=\"wp-block-image\">\n<figure class=\"aligncenter size-large\"><img loading=\"lazy\" decoding=\"async\" width=\"1024\" height=\"1024\" src=\"https:\/\/www.damienanres.com\/damanres\/wp-content\/uploads\/2016\/10\/IMG_5875-1024x1024.jpg\" alt=\"\" class=\"wp-image-1379\" srcset=\"https:\/\/www.damienanres.com\/damanres\/wp-content\/uploads\/2016\/10\/IMG_5875-1024x1024.jpg 1024w, https:\/\/www.damienanres.com\/damanres\/wp-content\/uploads\/2016\/10\/IMG_5875-150x150.jpg 150w, https:\/\/www.damienanres.com\/damanres\/wp-content\/uploads\/2016\/10\/IMG_5875-300x300.jpg 300w, https:\/\/www.damienanres.com\/damanres\/wp-content\/uploads\/2016\/10\/IMG_5875-768x768.jpg 768w, https:\/\/www.damienanres.com\/damanres\/wp-content\/uploads\/2016\/10\/IMG_5875-100x100.jpg 100w, https:\/\/www.damienanres.com\/damanres\/wp-content\/uploads\/2016\/10\/IMG_5875.jpg 2048w\" sizes=\"auto, (max-width: 1024px) 100vw, 1024px\" \/><figcaption class=\"wp-element-caption\">\u00ab&nbsp;La symphonie de la cl\u00e9mence&nbsp;\u00bb : Cl\u00e9ment T., Villeneuve-Lez-Avignon, France (lettre \u00e0 \u00e9lise)<\/figcaption><\/figure>\n<\/div>\n\n\n<hr class=\"wp-block-separator has-css-opacity\"\/>\n\n\n<div class=\"wp-block-image\">\n<figure class=\"aligncenter size-large\"><img loading=\"lazy\" decoding=\"async\" width=\"768\" height=\"1024\" src=\"https:\/\/www.damienanres.com\/damanres\/wp-content\/uploads\/2020\/08\/1E476B0A-976C-4FF4-BA9E-21116622D161-768x1024.jpeg\" alt=\"\" class=\"wp-image-2108\" srcset=\"https:\/\/www.damienanres.com\/damanres\/wp-content\/uploads\/2020\/08\/1E476B0A-976C-4FF4-BA9E-21116622D161-768x1024.jpeg 768w, https:\/\/www.damienanres.com\/damanres\/wp-content\/uploads\/2020\/08\/1E476B0A-976C-4FF4-BA9E-21116622D161-225x300.jpeg 225w, https:\/\/www.damienanres.com\/damanres\/wp-content\/uploads\/2020\/08\/1E476B0A-976C-4FF4-BA9E-21116622D161.jpeg 1125w\" sizes=\"auto, (max-width: 768px) 100vw, 768px\" \/><figcaption class=\"wp-element-caption\">\u00ab&nbsp;La femme, le mari et son amant&nbsp;\u00bb : Cl\u00e9ment T., Sinnamary, Guyane (Apr\u00e8s s\u2019\u00eatre fait \u2018d\u00e9gommer\u2019)<\/figcaption><\/figure>\n<\/div>\n\n\n<hr class=\"wp-block-separator has-css-opacity\"\/>\n\n\n<div class=\"wp-block-image\">\n<figure class=\"aligncenter size-large\"><img loading=\"lazy\" decoding=\"async\" width=\"689\" height=\"1024\" src=\"https:\/\/www.damienanres.com\/damanres\/wp-content\/uploads\/2020\/08\/D01509FF-AAF0-42F2-85AF-31550E4C7481-689x1024.jpeg\" alt=\"\" class=\"wp-image-2117\" srcset=\"https:\/\/www.damienanres.com\/damanres\/wp-content\/uploads\/2020\/08\/D01509FF-AAF0-42F2-85AF-31550E4C7481-689x1024.jpeg 689w, https:\/\/www.damienanres.com\/damanres\/wp-content\/uploads\/2020\/08\/D01509FF-AAF0-42F2-85AF-31550E4C7481-202x300.jpeg 202w, https:\/\/www.damienanres.com\/damanres\/wp-content\/uploads\/2020\/08\/D01509FF-AAF0-42F2-85AF-31550E4C7481-768x1141.jpeg 768w, https:\/\/www.damienanres.com\/damanres\/wp-content\/uploads\/2020\/08\/D01509FF-AAF0-42F2-85AF-31550E4C7481-1034x1536.jpeg 1034w, https:\/\/www.damienanres.com\/damanres\/wp-content\/uploads\/2020\/08\/D01509FF-AAF0-42F2-85AF-31550E4C7481-1378x2048.jpeg 1378w, https:\/\/www.damienanres.com\/damanres\/wp-content\/uploads\/2020\/08\/D01509FF-AAF0-42F2-85AF-31550E4C7481.jpeg 1536w\" sizes=\"auto, (max-width: 689px) 100vw, 689px\" \/><figcaption class=\"wp-element-caption\">&nbsp;\u00ab&nbsp;\u00c9MILIE&nbsp;\u00bb : \u00c9milie S., New York &#8211; Montpellier, USA-France<\/figcaption><\/figure>\n<\/div>\n\n\n<hr class=\"wp-block-separator has-css-opacity\"\/>\n\n\n<div class=\"wp-block-image\">\n<figure class=\"aligncenter size-large\"><img loading=\"lazy\" decoding=\"async\" width=\"846\" height=\"1024\" src=\"https:\/\/www.damienanres.com\/damanres\/wp-content\/uploads\/2020\/08\/BF97B873-96C0-413E-9C19-AF4F39DC79B2-846x1024.jpeg\" alt=\"\" class=\"wp-image-2158\" srcset=\"https:\/\/www.damienanres.com\/damanres\/wp-content\/uploads\/2020\/08\/BF97B873-96C0-413E-9C19-AF4F39DC79B2-846x1024.jpeg 846w, https:\/\/www.damienanres.com\/damanres\/wp-content\/uploads\/2020\/08\/BF97B873-96C0-413E-9C19-AF4F39DC79B2-248x300.jpeg 248w, https:\/\/www.damienanres.com\/damanres\/wp-content\/uploads\/2020\/08\/BF97B873-96C0-413E-9C19-AF4F39DC79B2-768x930.jpeg 768w, https:\/\/www.damienanres.com\/damanres\/wp-content\/uploads\/2020\/08\/BF97B873-96C0-413E-9C19-AF4F39DC79B2.jpeg 1122w\" sizes=\"auto, (max-width: 846px) 100vw, 846px\" \/><figcaption class=\"wp-element-caption\">&nbsp;\u00ab&nbsp;C\u2019est quoi ton probl\u00e8me, connasse !&nbsp;\u00bb : Emmanuel D., Mori\u00e8res-l\u00e8s-Avignon, France<\/figcaption><\/figure>\n<\/div>\n\n\n<hr class=\"wp-block-separator has-alpha-channel-opacity\"\/>\n\n\n<div class=\"wp-block-image\">\n<figure class=\"aligncenter size-large\"><img loading=\"lazy\" decoding=\"async\" width=\"768\" height=\"1024\" src=\"https:\/\/www.damienanres.com\/damanres\/wp-content\/uploads\/2021\/09\/6E1894BA-D053-4EBF-83A9-2FAAAFA363A5-768x1024.jpeg\" alt=\"\" class=\"wp-image-2291\" srcset=\"https:\/\/www.damienanres.com\/damanres\/wp-content\/uploads\/2021\/09\/6E1894BA-D053-4EBF-83A9-2FAAAFA363A5-768x1024.jpeg 768w, https:\/\/www.damienanres.com\/damanres\/wp-content\/uploads\/2021\/09\/6E1894BA-D053-4EBF-83A9-2FAAAFA363A5-225x300.jpeg 225w, https:\/\/www.damienanres.com\/damanres\/wp-content\/uploads\/2021\/09\/6E1894BA-D053-4EBF-83A9-2FAAAFA363A5-1152x1536.jpeg 1152w, https:\/\/www.damienanres.com\/damanres\/wp-content\/uploads\/2021\/09\/6E1894BA-D053-4EBF-83A9-2FAAAFA363A5-1536x2048.jpeg 1536w, https:\/\/www.damienanres.com\/damanres\/wp-content\/uploads\/2021\/09\/6E1894BA-D053-4EBF-83A9-2FAAAFA363A5-scaled.jpeg 1920w\" sizes=\"auto, (max-width: 768px) 100vw, 768px\" \/><figcaption class=\"wp-element-caption\">\u00ab&nbsp;1530 ?&nbsp;\u00bb V. Laurent ; Bruxelles, Belgique<\/figcaption><\/figure>\n<\/div>\n\n<div class=\"wp-block-image\">\n<figure class=\"aligncenter size-large\"><img loading=\"lazy\" decoding=\"async\" width=\"768\" height=\"1024\" src=\"https:\/\/www.damienanres.com\/damanres\/wp-content\/uploads\/2025\/04\/6993192532702748666-768x1024.jpeg\" alt=\"\" class=\"wp-image-2885\" srcset=\"https:\/\/www.damienanres.com\/damanres\/wp-content\/uploads\/2025\/04\/6993192532702748666-768x1024.jpeg 768w, https:\/\/www.damienanres.com\/damanres\/wp-content\/uploads\/2025\/04\/6993192532702748666-225x300.jpeg 225w, https:\/\/www.damienanres.com\/damanres\/wp-content\/uploads\/2025\/04\/6993192532702748666-1152x1536.jpeg 1152w, https:\/\/www.damienanres.com\/damanres\/wp-content\/uploads\/2025\/04\/6993192532702748666-508x677.jpeg 508w, https:\/\/www.damienanres.com\/damanres\/wp-content\/uploads\/2025\/04\/6993192532702748666.jpeg 1200w\" sizes=\"auto, (max-width: 768px) 100vw, 768px\" \/><figcaption class=\"wp-element-caption\">\u00a0\u00ab Visage r\u00eav\u00e9 #2\u00a0\u00bb : Emmanuel D., Mori\u00e8res-l\u00e8s-Avignon, France<\/figcaption><\/figure>\n<\/div>\n\n\n<p class=\"has-text-align-center\"><\/p>\n","protected":false},"excerpt":{"rendered":"<p>Voici une sorte de &laquo;&nbsp;MapMonde&nbsp;&raquo; de : &laquo;&nbsp;&nbsp;O&ugrave; sont mes peintures \/ dessins ?&nbsp;&raquo;. &laquo;&nbsp;Annie aimait danser&nbsp;&raquo; (cyanotype) &laquo;&nbsp;Les senteurs des r&ecirc;ves&nbsp;&raquo; (livre) : Soizic V., Marseille, France. https:\/\/youtu.be\/S64U9GNRBWA<\/p>\n","protected":false},"author":1,"featured_media":2125,"parent":0,"menu_order":0,"comment_status":"closed","ping_status":"closed","template":"","meta":{"footnotes":""},"class_list":["post-2103","page","type-page","status-publish","has-post-thumbnail","hentry"],"_links":{"self":[{"href":"https:\/\/www.damienanres.com\/damanres\/wp-json\/wp\/v2\/pages\/2103","targetHints":{"allow":["GET"]}}],"collection":[{"href":"https:\/\/www.damienanres.com\/damanres\/wp-json\/wp\/v2\/pages"}],"about":[{"href":"https:\/\/www.damienanres.com\/damanres\/wp-json\/wp\/v2\/types\/page"}],"author":[{"embeddable":true,"href":"https:\/\/www.damienanres.com\/damanres\/wp-json\/wp\/v2\/users\/1"}],"replies":[{"embeddable":true,"href":"https:\/\/www.damienanres.com\/damanres\/wp-json\/wp\/v2\/comments?post=2103"}],"version-history":[{"count":32,"href":"https:\/\/www.damienanres.com\/damanres\/wp-json\/wp\/v2\/pages\/2103\/revisions"}],"predecessor-version":[{"id":2892,"href":"https:\/\/www.damienanres.com\/damanres\/wp-json\/wp\/v2\/pages\/2103\/revisions\/2892"}],"wp:featuredmedia":[{"embeddable":true,"href":"https:\/\/www.damienanres.com\/damanres\/wp-json\/wp\/v2\/media\/2125"}],"wp:attachment":[{"href":"https:\/\/www.damienanres.com\/damanres\/wp-json\/wp\/v2\/media?parent=2103"}],"curies":[{"name":"wp","href":"https:\/\/api.w.org\/{rel}","templated":true}]}}