{"id":944,"date":"2017-01-02T10:00:31","date_gmt":"2017-01-02T10:00:31","guid":{"rendered":"http:\/\/www.damienanres.com\/damanres\/?page_id=944"},"modified":"2023-01-24T17:06:46","modified_gmt":"2023-01-24T17:06:46","slug":"court-metrage","status":"publish","type":"page","link":"https:\/\/www.damienanres.com\/damanres\/court-metrage\/","title":{"rendered":"COURT-M\u00c9TRAGES\u2026"},"content":{"rendered":"\n<p><strong>LOS CERCLOS :<\/strong><\/p>\n\n\n\n<blockquote class=\"wp-block-quote is-layout-flow wp-block-quote-is-layout-flow\">\n<p>\u00ab\u00a0SE RENDRE INTELLIGIBLE EST SUICIDE POUR LA PENS\u00c9E\u00a0\u00bb<\/p>\n<\/blockquote>\n\n\n\n<p>Pour arriver \u00e0 comprendre la g\u00e9n\u00e8se de ce court-m\u00e9trage que peut \u00eatre \u00ab Los Cerclos \u00bb, il faut tout d\u2019abord que je vous explique pourquoi j\u2019en suis arriv\u00e9 \u00e0 tourner des petits court-m\u00e9trages ci et l\u00e0 (avec ou sans acteur).<\/p>\n\n\n\n<p>Alors ag\u00e9 de 12-13 ans, ma m\u00e8re a gagn\u00e9 un cam\u00e9scope, une SONY Hi8 HANDICAM, \u00e0 un loto qu\u2019elle m\u2019a donn\u00e9 ne sachant qu\u2019en faire&#8230;<br>\nJ\u2019ai trouv\u00e9 cet appareil assez \u00e9trange&#8230;, possibilit\u00e9 d\u2019incruster des titres etc, que je m\u2019y suis interress\u00e9 d\u2019une certaine mani\u00e8re, une mani\u00e8re technique&#8230; tout en m\u2019amusant.<br>\nPuis, j\u2019ai commenc\u00e9 \u00e0 \u00e9crire des court-m\u00e9trages pour aller plus profond\u00e9ment dans le montage avec l\u2019aide de cet outil que peut \u00eatre une cam\u00e9ra d\u2019amateur.<\/p>\n\n\n\n<p>(Pour tout dire cela \u00e9t\u00e9 juste des mots ci et l\u00e0 \u00e9crits sur des papiers volants ou bien alors des dessins, des genres de synopsis dessin\u00e9s, et que j\u2019ai encore en ma possession)<\/p>\n\n\n\n<p>Le noir et blanc me convenait d\u2019avantage que la couleur &#8230;. m\u00eame \u00e0 l\u2019age de 12 ans !<\/p>\n\n\n\n<p>Un jour, suite \u00e0 un \u00e9v\u00e9nement familial dont je ne dirais rien, j\u2019ai eu l\u2019id\u00e9e de faire \u00ab <strong>Los Cerclos<\/strong> \u00bb mais pas la version d\u00e9finitive qui peut \u00eatre vu \u00e0 la fin de cette page web mais une version assez \u00e9trange o\u00f9 la cause \u00e9tait mise en avant, ce que je n\u2019ai plus DU TOUT aim\u00e9 par la suite&#8230;<\/p>\n\n\n\n<p>Voci un extrait de cet ancien \u00ab <strong>Los Cerclos<\/strong> \u00bb fait en 1986-87 :<br>\n(avec quelques retouches faites en 1990)<\/p>\n\n\n\n<figure class=\"wp-block-embed is-type-video is-provider-youtube wp-block-embed-youtube wp-embed-aspect-4-3 wp-has-aspect-ratio\"><div class=\"wp-block-embed__wrapper\">\n<iframe loading=\"lazy\" title=\"BONUS : old - &quot;LOS CERCLOS\u00a0\u00bb | Extrait (1986-87)\" width=\"600\" height=\"450\" src=\"https:\/\/www.youtube.com\/embed\/YvNg6OELErc?feature=oembed\" frameborder=\"0\" allow=\"accelerometer; autoplay; clipboard-write; encrypted-media; gyroscope; picture-in-picture; web-share\" referrerpolicy=\"strict-origin-when-cross-origin\" allowfullscreen><\/iframe>\n<\/div><\/figure>\n\n\n\n<p>D\u00e9j\u00e0 \u00e0 l\u2019\u00e9poque, je n\u2019aimais pas me servir d\u2019autres sons et musiques&#8230; Mais que voulez-vous \u00e0 l\u2019\u00e9poque pour un non-profesionnel il \u00e9tait impossible de cr\u00e9er ses propres musiques..! Ses propres sons, oui! Mais musiques, non!<br>\nDe nos jours avec le num\u00e9rique et les ordinateurs que toute (ou presque) personne a en sa poss\u00e9ssion cela est plus \u00ab simple \u00bb&#8230;<br>\nMais, tout de m\u00eame, j\u2019ai d\u00e9cid\u00e9 de faire un autre court-m\u00e9trage app\u00e9l\u00e9 :<br>\n\u00ab<strong> Doughnuts<\/strong> \u00bb &#8230;<br>\nJe me suis senti, \u00e0 la fin du montage, tr\u00e8s fustr\u00e9 par le manque de possibilit\u00e9s visuels que pouvaient m\u2019offrir ma cam\u00e9ra que j\u2019ai alors \u00e9crit un script pour \u00abd\u00e9bloquer\u00bb mon imagination et pouvoir aller dans des t\u00e9rritoires que je voulais pr\u00e9sents dans ce second court-m\u00e9trage.<\/p>\n\n\n\n<h3 class=\"wp-block-heading\">Voici ce court-m\u00e9trage \u00ab <strong>Doughnuts<\/strong> \u00bb :<\/h3>\n\n\n\n<figure class=\"wp-block-embed is-type-video is-provider-youtube wp-block-embed-youtube wp-embed-aspect-16-9 wp-has-aspect-ratio\"><div class=\"wp-block-embed__wrapper\">\n<iframe loading=\"lazy\" title=\"\u00ab\u00a0 DOUGHNUTS\u00a0 \u00bb - FINAL CUT VERSION (4K) with English subtitles\" width=\"600\" height=\"338\" src=\"https:\/\/www.youtube.com\/embed\/ISbiYmfntqk?feature=oembed\" frameborder=\"0\" allow=\"accelerometer; autoplay; clipboard-write; encrypted-media; gyroscope; picture-in-picture; web-share\" referrerpolicy=\"strict-origin-when-cross-origin\" allowfullscreen><\/iframe>\n<\/div><\/figure>\n\n\n\n<p>J\u2019ai alors trouv\u00e9 qu\u2019il y avait des ressemblances (quelque part&#8230;) avec le premier court-m\u00e9trage (l\u2019ancien \u00ab <strong>Los Cerclos<\/strong> \u00bb) que j\u2019avais pu faire&#8230; D\u2019o\u00f9 cette sorte d\u2019interlude entre les deux, &#8230;, entre \u00ab <strong>Doughnuts<\/strong> \u00bb et le \u00ab <strong>Los Cerclos<\/strong> \u00bb d\u00e9finitif :<\/p>\n\n\n\n<figure class=\"wp-block-embed is-type-video is-provider-youtube wp-block-embed-youtube wp-embed-aspect-16-9 wp-has-aspect-ratio\"><div class=\"wp-block-embed__wrapper\">\n<iframe loading=\"lazy\" title=\"Interlude : \u00ab\u00a0Doughnuts\u00a0\u00bb &amp; \u00ab\u00a0Los Cerclos\u00a0\u00bb | Absurd &amp; Abstract Short-Movie\" width=\"600\" height=\"338\" src=\"https:\/\/www.youtube.com\/embed\/Id4V-VMuDoc?feature=oembed\" frameborder=\"0\" allow=\"accelerometer; autoplay; clipboard-write; encrypted-media; gyroscope; picture-in-picture; web-share\" referrerpolicy=\"strict-origin-when-cross-origin\" allowfullscreen><\/iframe>\n<\/div><figcaption class=\"wp-element-caption\">INTERLUDE ENTRE \u00ab\u00a0DOUGHNUTS\u00a0\u00bb ET \u00ab\u00a0LOS CERCLOS\u00a0\u00bb.<\/figcaption><\/figure>\n\n\n\n<figure class=\"wp-block-embed is-type-video is-provider-youtube wp-block-embed-youtube wp-embed-aspect-16-9 wp-has-aspect-ratio\"><div class=\"wp-block-embed__wrapper\">\n<iframe loading=\"lazy\" title=\"\u00ab\u00a0LOS CERCLOS\u00a0\u00bb | Final Cut | Court-M\u00e9trage (4K sous-titr\u00e9e)\" width=\"600\" height=\"338\" src=\"https:\/\/www.youtube.com\/embed\/W5hjI_OXEro?feature=oembed\" frameborder=\"0\" allow=\"accelerometer; autoplay; clipboard-write; encrypted-media; gyroscope; picture-in-picture; web-share\" referrerpolicy=\"strict-origin-when-cross-origin\" allowfullscreen><\/iframe>\n<\/div><figcaption class=\"wp-element-caption\">LOS CERCLOS DEFINITIF.<\/figcaption><\/figure>\n\n\n<figure class=\"wp-block-embed is-type-video is-provider-vimeo wp-block-embed-vimeo wp-embed-aspect-16-9 wp-has-aspect-ratio\">\n<div class=\"wp-block-embed__wrapper\">&nbsp;<\/div>\n<\/figure>\n<p><!-- \/wp:post-content --><\/p>\n<p><!-- wp:paragraph --><\/p>\n<p>Pour finir cette g\u00e9n\u00e8se de \u00ab<strong> LOS CERCLOS<\/strong> \u00bb ou \u00ab Les derniers battements \u00e9lectriques d\u2019un homme \u00bb, comme j\u2019aime \u00e0 le d\u00e9crire&#8230;, qui a \u00e9t\u00e9 fait par moi (Damien ANR\u00c8S) et seulement par lui en 1990-91 dans une maison inhabit\u00e9e, je peux vous dire que le visuel esth\u00e9tique est un clin d\u2019oeil \u00e0 la s\u00e9rie \u00ab Twin Peaks \u00bb de David Lynch et, surtout, pour son dernier \u00e9pisode.<\/p>\n<p><!-- \/wp:paragraph --><\/p>\n<p><!-- wp:paragraph --><\/p>\n<p>L\u2019histoire n\u2019a rien \u00e0 faire (mais peut-\u00eatre \u00e0 voir) avec \u00ab Twin Peaks \u00bb, c\u2019est une id\u00e9e originale avec ses myst\u00e8res qui lui sont propres !!!<\/p>\n<p><!-- \/wp:paragraph --><\/p>\n<p><!-- wp:paragraph --><\/p>\n<p>Par la suite, j\u2019ai continu\u00e9 \u00e0 faire des petits films au fil de mes id\u00e9es et cela de temps en temps&#8230; (petits films que vous trouverez sur d\u2019autres pages web de ce site)<\/p>\n<p><!-- \/wp:paragraph --><\/p>\n<p><!-- wp:paragraph --><\/p>\n<p>Ce qui m\u2019a passionn\u00e9 dans ce petit voyage visuel c\u2019est de pouvoir \u00e9largir mon imagination et de pouvoir faire de A \u00e0 Z, sur d\u2019autres supports tel que l\u2019\u00e9criture et la peinture (pour ne citer que ces 2 exemples), des projets que certains appelleront \u00ab Artistiques \u00bb venant de moi et non pas des autres. M\u00eame si, cin\u00e9matographiquement parlant, il y a s\u00fbrement des influences de films que j\u2019ai pues voir durant mon adolescence.<br>En ce qui concerne mes \u00e9crits ou\/et mes peintures je n\u2019ai aucune influence, je n\u2019ai d\u00e9couvert qu\u2019apr\u00e8s que certains avaient pens\u00e9s cela ou bien \u00e7a, que certains avaient fait visuellement cela ou bien \u00e7a mais ne m\u2019en suis pas inspir\u00e9 puisque je ne les ai d\u00e9couvert qu\u2019apr\u00e8s, que cela soit par mes lectures et mes \u00ab p\u00e9r\u00e9grinations \u00bb cin\u00e9matographiques.<\/p>\n<p><!-- \/wp:paragraph --><\/p>\n<p><!-- wp:paragraph --><\/p>\n<p>Ah! J\u2019allais oublier&#8230; pour savoir finalement qui a fait le \u00ab coup \u00bb et laisser votre imagination aller un script est lisible ici :<\/p>\n<p><!-- \/wp:paragraph --><\/p>\n<p><!-- wp:image {\"align\":\"center\",\"id\":1524} --><\/p>\n<div class=\"wp-block-image\">\n<figure class=\"aligncenter\"><img loading=\"lazy\" decoding=\"async\" width=\"2000\" height=\"2486\" class=\"wp-image-1524\" src=\"https:\/\/www.damienanres.com\/damanres\/wp-content\/uploads\/2017\/11\/SOUS-UN-PARTERRE-DE-JUNGLE-ITUNES.png\" alt=\"\" srcset=\"https:\/\/www.damienanres.com\/damanres\/wp-content\/uploads\/2017\/11\/SOUS-UN-PARTERRE-DE-JUNGLE-ITUNES.png 2000w, https:\/\/www.damienanres.com\/damanres\/wp-content\/uploads\/2017\/11\/SOUS-UN-PARTERRE-DE-JUNGLE-ITUNES-241x300.png 241w, https:\/\/www.damienanres.com\/damanres\/wp-content\/uploads\/2017\/11\/SOUS-UN-PARTERRE-DE-JUNGLE-ITUNES-768x955.png 768w, https:\/\/www.damienanres.com\/damanres\/wp-content\/uploads\/2017\/11\/SOUS-UN-PARTERRE-DE-JUNGLE-ITUNES-824x1024.png 824w\" sizes=\"auto, (max-width: 2000px) 100vw, 2000px\" \/><\/figure>\n<\/div>\n<p><!-- \/wp:image --><\/p>\n<p><!-- wp:paragraph --><\/p>\n<p><strong><span style=\"color: #ff0000;\">SOUS UN PARTERRE DE JUNGLE :<\/span><\/strong><span style=\"font-size: medium;\">\u00c9DITION BILINGUE : FRAN\u00c7AIS \/ ANGLAIS<br><\/span><span style=\"font-size: medium;\">BILINGUAL EDITION : FRENCH \/ ENGLISH<\/span><\/p>\n<p><!-- \/wp:paragraph --><\/p>\n<p><!-- wp:paragraph --><\/p>\n<p>L&rsquo;extase sexuelle, la petite mort, un nouvel \u00eatre?<br>The sexual ecstasy, the little death, a new being ?<\/p>\n<p><!-- \/wp:paragraph --><\/p>\n<p><!-- wp:heading {\"level\":5} --><\/p>\n<h5><span style=\"color: #ff0000;\"><a style=\"color: #ff0000;\" href=\"https:\/\/www.amazon.fr\/Sous-parterre-jungle-\u00c9dition-bilingue\/dp\/1973407590\" target=\"_blank\" rel=\"noopener noreferrer\">COMMANDER CE LIVRE SUR AMAZON<\/a><\/span><\/h5>\n<p><!-- \/wp:heading --><\/p>\n<p><!-- wp:heading {\"level\":5} --><\/p>\n<h5><span style=\"color: #ff0000;\"><a style=\"color: #ff0000;\" href=\"http:\/\/itunes.apple.com\/us\/book\/id1318087484\" target=\"_blank\" rel=\"noopener noreferrer\">ACHETER CE LIVRE SUR L&rsquo;APPLE STORE<br><\/a><\/span><\/h5>\n<p><!-- \/wp:heading --><\/p>\n<p><!-- wp:separator --><\/p>\n<hr class=\"wp-block-separator\"><!-- \/wp:separator --><p><\/p>\n<p><!-- wp:paragraph --><\/p>\n<p>Et si vous voulez en savoir plus sur le comment et pourquoi, \u00e9coutez le podcast enregistr\u00e9 \u00e0 cet effet et pour ce court-m\u00e9trage, le dernier \u2018<strong>LOS CERCLOS<\/strong>\u2019.<br>MERCI !!!<\/p>\n<p><!-- \/wp:paragraph --><\/p>\n<p><!-- wp:separator --><\/p>\n<hr class=\"wp-block-separator\"><!-- \/wp:separator --><p><\/p>\n<p><!-- wp:paragraph --><\/p>\n<p><strong>PODCAST EN FRAN\u00c7AIS SUR LE COURT M\u00c9TRAGE<\/strong> :<\/p>\n<p><!-- \/wp:paragraph --><\/p>\n<p><!-- wp:paragraph --><\/p>\n<p><a href=\"http:\/\/www.damienanres.com\/zip\/PodCast.zip\" target=\"_blank\" rel=\"noopener noreferrer\"><span class=\"has-inline-color\" style=\"color: #d9252b;\">PodCast<\/span><\/a> (en format .zip)<\/p>\n<p><!-- \/wp:paragraph --><\/p>\n<p><!-- wp:separator --><\/p>\n<hr class=\"wp-block-separator\"><!-- \/wp:separator --><p><\/p>\n<p><!-- wp:paragraph --><\/p>\n<p><strong>MUSIQUES ET SONS SUR ITUNES<\/strong> :<\/p>\n<p><!-- \/wp:paragraph --><\/p>\n<p><!-- wp:paragraph --><\/p>\n<p><a href=\"https:\/\/itun.es\/fr\/gyaKy\"><span class=\"has-inline-color\" style=\"color: #d71218;\">https:\/\/itun.es\/fr\/gyaKy<\/span><\/a><\/p>\n<p><!-- \/wp:paragraph --><\/p>\n<p><!-- wp:paragraph --><\/p>\n<p>TOUT LE CONTENU DE CE COURT-M\u00c9TRAGE M\u2019APPARTIENT AINSI QUE LE PODCAST, SON(S) ET IMAGE(S), LES T\u00c9L\u00c9CHARGER, EN FAIRE DES CAPTURES D\u2019\u00c9CRAN EST ILL\u00c9GAL ET EST PUNIE PAR LA LOI INTELLECTUELLE ET DU COPYRIGHT !!!<\/p>\n<p><!-- \/wp:paragraph --><\/p>\n<p><!-- wp:paragraph {\"align\":\"center\"} --><\/p>\n<p class=\"has-text-align-center\">1999-2023 &#8211; DAMIEN ANR\u00c8S<\/p>\n<p><!-- \/wp:paragraph --><\/p>","protected":false},"excerpt":{"rendered":"<p>LOS CERCLOS : &laquo;&nbsp;SE RENDRE INTELLIGIBLE EST SUICIDE POUR LA PENS&Eacute;E&nbsp;&raquo; Pour arriver &agrave; comprendre la g&eacute;n&egrave;se de ce court-m&eacute;trage que peut &ecirc;tre &laquo; Los Cerclos &raquo;, il faut tout d&rsquo;abord que je vous explique pourquoi j&rsquo;en suis arriv&eacute; &agrave; tourner des petits court-m&eacute;trages ci et l&agrave; (avec ou sans acteur). Alors ag&eacute; de 12-13 [&hellip;]<\/p>\n","protected":false},"author":1,"featured_media":1827,"parent":0,"menu_order":0,"comment_status":"closed","ping_status":"closed","template":"","meta":{"footnotes":""},"class_list":["post-944","page","type-page","status-publish","has-post-thumbnail","hentry"],"_links":{"self":[{"href":"https:\/\/www.damienanres.com\/damanres\/wp-json\/wp\/v2\/pages\/944","targetHints":{"allow":["GET"]}}],"collection":[{"href":"https:\/\/www.damienanres.com\/damanres\/wp-json\/wp\/v2\/pages"}],"about":[{"href":"https:\/\/www.damienanres.com\/damanres\/wp-json\/wp\/v2\/types\/page"}],"author":[{"embeddable":true,"href":"https:\/\/www.damienanres.com\/damanres\/wp-json\/wp\/v2\/users\/1"}],"replies":[{"embeddable":true,"href":"https:\/\/www.damienanres.com\/damanres\/wp-json\/wp\/v2\/comments?post=944"}],"version-history":[{"count":35,"href":"https:\/\/www.damienanres.com\/damanres\/wp-json\/wp\/v2\/pages\/944\/revisions"}],"predecessor-version":[{"id":2518,"href":"https:\/\/www.damienanres.com\/damanres\/wp-json\/wp\/v2\/pages\/944\/revisions\/2518"}],"wp:featuredmedia":[{"embeddable":true,"href":"https:\/\/www.damienanres.com\/damanres\/wp-json\/wp\/v2\/media\/1827"}],"wp:attachment":[{"href":"https:\/\/www.damienanres.com\/damanres\/wp-json\/wp\/v2\/media?parent=944"}],"curies":[{"name":"wp","href":"https:\/\/api.w.org\/{rel}","templated":true}]}}