{"id":951,"date":"2017-01-02T10:12:05","date_gmt":"2017-01-02T10:12:05","guid":{"rendered":"http:\/\/www.damienanres.com\/damanres\/?page_id=951"},"modified":"2024-12-05T16:31:46","modified_gmt":"2024-12-05T16:31:46","slug":"experimentations-visuelles","status":"publish","type":"page","link":"https:\/\/www.damienanres.com\/damanres\/experimentations-visuelles\/","title":{"rendered":"EXP\u00c9RIMENTATIONS VISUELLES&#8230;"},"content":{"rendered":"\n<p>&nbsp;<\/p>\n\n\n\n<p><strong>EXP\u00c9RIMENTATIONS &#8211; PIX :\u00a0<\/strong>( \u00e0 regarder de pr\u00e9f\u00e9rence sur YouTube ! )<\/p>\n\n\n\n<figure class=\"wp-block-embed is-type-video is-provider-youtube wp-block-embed-youtube wp-embed-aspect-16-9 wp-has-aspect-ratio\"><div class=\"wp-block-embed__wrapper\">\n<iframe loading=\"lazy\" title=\"ANIMATED #1 : HEAD\" width=\"600\" height=\"338\" src=\"https:\/\/www.youtube.com\/embed\/71rnF9-W_KQ?list=PL7qKo7pJZ5vqfmKCVha5CXggzMmtvtrUE\" frameborder=\"0\" allow=\"accelerometer; autoplay; clipboard-write; encrypted-media; gyroscope; picture-in-picture; web-share\" referrerpolicy=\"strict-origin-when-cross-origin\" allowfullscreen><\/iframe>\n<\/div><\/figure>\n\n\n\n<p><strong>VID\u00c9OS PRISES CI ET L\u00c0 ENTRE 1999 et 2009 :<\/strong> ( \u00e0 regarder de pr\u00e9f\u00e9rence sur YouTube ! )<\/p>\n\n\n\n<figure class=\"wp-block-embed aligncenter is-type-video is-provider-youtube wp-block-embed-youtube wp-embed-aspect-16-9 wp-has-aspect-ratio\"><div class=\"wp-block-embed__wrapper\">\n<iframe loading=\"lazy\" title=\"MES VIEILLES VIDEOS (old videos)\" width=\"600\" height=\"338\" src=\"https:\/\/www.youtube.com\/embed\/videoseries?list=PL7qKo7pJZ5voEK-76ephlbnNKSp17R8s9\" frameborder=\"0\" allow=\"accelerometer; autoplay; clipboard-write; encrypted-media; gyroscope; picture-in-picture; web-share\" referrerpolicy=\"strict-origin-when-cross-origin\" allowfullscreen><\/iframe>\n<\/div><\/figure>\n","protected":false},"excerpt":{"rendered":"<p>&nbsp; EXP&Eacute;RIMENTATIONS &ndash; PIX :&nbsp;( &agrave; regarder de pr&eacute;f&eacute;rence sur YouTube ! ) VID&Eacute;OS PRISES CI ET L&Agrave; ENTRE 1999 et 2009 : ( &agrave; regarder de pr&eacute;f&eacute;rence sur YouTube ! )<\/p>\n","protected":false},"author":1,"featured_media":1200,"parent":0,"menu_order":0,"comment_status":"closed","ping_status":"closed","template":"","meta":{"footnotes":""},"class_list":["post-951","page","type-page","status-publish","has-post-thumbnail","hentry"],"_links":{"self":[{"href":"https:\/\/www.damienanres.com\/damanres\/wp-json\/wp\/v2\/pages\/951","targetHints":{"allow":["GET"]}}],"collection":[{"href":"https:\/\/www.damienanres.com\/damanres\/wp-json\/wp\/v2\/pages"}],"about":[{"href":"https:\/\/www.damienanres.com\/damanres\/wp-json\/wp\/v2\/types\/page"}],"author":[{"embeddable":true,"href":"https:\/\/www.damienanres.com\/damanres\/wp-json\/wp\/v2\/users\/1"}],"replies":[{"embeddable":true,"href":"https:\/\/www.damienanres.com\/damanres\/wp-json\/wp\/v2\/comments?post=951"}],"version-history":[{"count":11,"href":"https:\/\/www.damienanres.com\/damanres\/wp-json\/wp\/v2\/pages\/951\/revisions"}],"predecessor-version":[{"id":2795,"href":"https:\/\/www.damienanres.com\/damanres\/wp-json\/wp\/v2\/pages\/951\/revisions\/2795"}],"wp:featuredmedia":[{"embeddable":true,"href":"https:\/\/www.damienanres.com\/damanres\/wp-json\/wp\/v2\/media\/1200"}],"wp:attachment":[{"href":"https:\/\/www.damienanres.com\/damanres\/wp-json\/wp\/v2\/media?parent=951"}],"curies":[{"name":"wp","href":"https:\/\/api.w.org\/{rel}","templated":true}]}}